{"id":3,"date":"2025-02-12T20:34:03","date_gmt":"2025-02-12T19:34:03","guid":{"rendered":"https:\/\/bread-free.com\/?page_id=3"},"modified":"2025-02-14T20:53:11","modified_gmt":"2025-02-14T19:53:11","slug":"politica-privacidad","status":"publish","type":"page","link":"https:\/\/bread-free.com\/es\/politica-privacidad\/","title":{"rendered":"Pol\u00edtica de privacidad"},"content":{"rendered":"[vc_row type=\u00bbin_container\u00bb full_screen_row_position=\u00bbmiddle\u00bb column_margin=\u00bbdefault\u00bb column_direction=\u00bbdefault\u00bb column_direction_tablet=\u00bbdefault\u00bb column_direction_phone=\u00bbdefault\u00bb scene_position=\u00bbcenter\u00bb text_color=\u00bbdark\u00bb text_align=\u00bbleft\u00bb row_border_radius=\u00bbnone\u00bb row_border_radius_applies=\u00bbbg\u00bb overflow=\u00bbvisible\u00bb overlay_strength=\u00bb0.3&#8243; gradient_direction=\u00bbleft_to_right\u00bb shape_divider_position=\u00bbbottom\u00bb bg_image_animation=\u00bbnone\u00bb][vc_column column_padding=\u00bbno-extra-padding\u00bb column_padding_tablet=\u00bbinherit\u00bb column_padding_phone=\u00bbinherit\u00bb column_padding_position=\u00bball\u00bb column_element_direction_desktop=\u00bbdefault\u00bb column_element_spacing=\u00bbdefault\u00bb desktop_text_alignment=\u00bbdefault\u00bb tablet_text_alignment=\u00bbdefault\u00bb phone_text_alignment=\u00bbdefault\u00bb background_color_opacity=\u00bb1&#8243; background_hover_color_opacity=\u00bb1&#8243; column_backdrop_filter=\u00bbnone\u00bb column_shadow=\u00bbnone\u00bb column_border_radius=\u00bbnone\u00bb column_link_target=\u00bb_self\u00bb column_position=\u00bbdefault\u00bb gradient_direction=\u00bbleft_to_right\u00bb overlay_strength=\u00bb0.3&#8243; width=\u00bb1\/1&#8243; tablet_width_inherit=\u00bbdefault\u00bb animation_type=\u00bbdefault\u00bb bg_image_animation=\u00bbnone\u00bb border_type=\u00bbsimple\u00bb column_border_width=\u00bbnone\u00bb column_border_style=\u00bbsolid\u00bb][vc_custom_heading text=\u00bbPOL\u00cdTICA DE PRIVACIDAD\u00bb font_container=\u00bbtag:h1|font_size:70|text_align:left\u00bb google_fonts=\u00bbfont_family:Nunito%3A300%2Cregular%2C700|font_style:400%20regular%3A400%3Anormal\u00bb][divider line_type=\u00bbNo Line\u00bb custom_height=\u00bb50&#8243;][vc_column_text css=\u00bb\u00bb text_direction=\u00bbdefault\u00bb]\n<div class=\"elementor-element elementor-element-f6c1a70 elementor-widget elementor-widget-text-editor\" data-id=\"f6c1a70\" data-element_type=\"widget\" data-widget_type=\"text-editor.default\">\n<div class=\"elementor-widget-container\">\n<p>Siguiendo los principios de licitud, lealtad y transparencia, ponemos a su disposici\u00f3n la presente Pol\u00edtica de Privacidad.<\/p>\n<h3><em>\u00bfQui\u00e9n es el responsable del tratamiento de sus datos?<\/em><\/h3>\n<\/div>\n<\/div>\n<section class=\"elementor-section elementor-inner-section elementor-element elementor-element-7a43014 elementor-section-boxed elementor-section-height-default elementor-section-height-default\" data-id=\"7a43014\" data-element_type=\"section\" data-settings=\"{&quot;background_background&quot;:&quot;classic&quot;}\">\n<div class=\"elementor-container elementor-column-gap-wide\">\n<div class=\"elementor-column elementor-col-100 elementor-inner-column elementor-element elementor-element-b247d28\" data-id=\"b247d28\" data-element_type=\"column\">\n<div class=\"elementor-widget-wrap elementor-element-populated\">\n<div class=\"elementor-element elementor-element-279ea873 elementor-widget elementor-widget-text-editor\" data-id=\"279ea873\" data-element_type=\"widget\" data-widget_type=\"text-editor.default\">\n<div class=\"elementor-widget-container\">\n<p><strong>Responsable:<\/strong> Bread Free SL<br \/><strong>Domicilio Social:<\/strong> C\/C Oficina 5 Pol\u00edgono de las Serna 31500 Tudela (Navarra)<br \/><strong>NIF:<\/strong> B02966166<br \/><strong>Tel\u00e9fono:<\/strong> 681 96 05 81<br \/><strong>Email:<\/strong>\u00a0<a href=\"mailto:contacto@breadfree.es\">contacto@breadfree.es<\/a><br \/><strong>P\u00e1gina Web:<\/strong>\u00a0<a href=\"http:\/\/www.bread-free.com\">www.bread-free.com<\/a><\/p>\n<p>&nbsp;<\/p>\n<\/div>\n<\/div>\n<\/div>\n<\/div>\n<\/div>\n<\/section>\n<div class=\"elementor-element elementor-element-efc5a45 elementor-widget elementor-widget-text-editor\" data-id=\"efc5a45\" data-element_type=\"widget\" data-widget_type=\"text-editor.default\">\n<div class=\"elementor-widget-container\">\n<h3><em>\u00bfCon qu\u00e9 finalidad tratamos sus datos personales?<\/em><\/h3>\n<p style=\"text-align: justify;\">En BREAD FREE, S.L. dependiendo de la categor\u00eda de interesado de que se trate, tratamos la informaci\u00f3n que nos facilita con las siguientes finalidades:<\/p>\n<table>\n<tbody>\n<tr>\n<td width=\"140\"><strong>INTERESADOS<\/strong><\/td>\n<td width=\"435\"><strong>FINALIDADES DEL TRATAMIENTO<\/strong><\/td>\n<\/tr>\n<tr>\n<td width=\"140\"><strong>POTENCIALES CLIENTES \/ CONTACTO<\/strong><\/td>\n<td width=\"435\">Gestionar la potencial relaci\u00f3n comercial\/profesional que nos solicita el interesado, gestionar el env\u00edo de informaci\u00f3n solicitada y\/o resolver las consultas planteadas, facilitar ofertas de nuestros servicios y\/o productos de su inter\u00e9s.<\/td>\n<\/tr>\n<tr>\n<td width=\"140\"><strong>CLIENTES<\/strong><\/td>\n<td width=\"435\">Gestionar la relaci\u00f3n comercial y\/o profesional, facilitar ofertas de nuestros servicios y\/o productos de su inter\u00e9s.<\/td>\n<\/tr>\n<tr>\n<td width=\"140\"><strong>PROVEEDORES<\/strong><\/td>\n<td width=\"435\">Gestionar la relaci\u00f3n comercial y\/o profesional.<\/td>\n<\/tr>\n<tr>\n<td width=\"140\"><strong>CANDIDATOS<\/strong><\/td>\n<td width=\"435\">Gestionar el proceso de selecci\u00f3n de personal.<\/td>\n<\/tr>\n<tr>\n<td width=\"140\"><strong>COMUNICACIONES COMERCIALES<\/strong><\/td>\n<td width=\"435\">Dar informaci\u00f3n de inter\u00e9s acerca de nuestras actividades, nuestros servicios y noticias relevantes por cualquier medio.<\/td>\n<\/tr>\n<\/tbody>\n<\/table>\n<p><strong><em>\u00a0<\/em><\/strong><\/p>\n<h3><strong><em>\u00bfCu\u00e1l es la legitimaci\u00f3n para el tratamiento de sus datos<\/em><\/strong><em>?<\/em><\/h3>\n<table>\n<tbody>\n<tr>\n<td width=\"140\"><strong>INTERESADOS<\/strong><\/td>\n<td width=\"435\"><strong>BASE LEGAL<\/strong><\/td>\n<\/tr>\n<tr>\n<td width=\"140\"><strong>POTENCIALES CLIENTES \/ CONTACTO<\/strong><\/td>\n<td width=\"435\">\n<p>Art. 6.1.a RGPD: Consentimiento del propio interesado.<\/p>\n<p>&nbsp;<\/p>\n<p>Art. 6.1.f RGPD: Inter\u00e9s leg\u00edtimo de la sociedad por atender sus peticiones (enviar informaci\u00f3n solicitada, responder a las consultas planteadas\u2026).<\/p>\n<\/td>\n<\/tr>\n<tr>\n<td width=\"140\"><strong>CLIENTES<\/strong><\/td>\n<td width=\"435\">Art. 6.1.b RGPD: Ejecuci\u00f3n de un contrato en el que el interesado es parte.<\/td>\n<\/tr>\n<tr>\n<td width=\"140\"><strong>PROVEEDORES<\/strong><\/td>\n<td width=\"435\">Art. 6.1.b RGPD: Ejecuci\u00f3n de un contrato en el que el interesado es parte.<\/td>\n<\/tr>\n<tr>\n<td width=\"140\"><strong>CANDIDATOS<\/strong><\/td>\n<td width=\"435\">Art. 6.1.a RGPD: Consentimiento del propio interesado.<\/td>\n<\/tr>\n<tr>\n<td width=\"140\"><strong>COMUNICACIONES COMERCIALES<\/strong><\/td>\n<td width=\"435\">\n<p><em>1. Medios electr\u00f3nicos:<\/em><\/p>\n<p>Normativa sobre servicios de sociedad de la informaci\u00f3n (21 LSSI):<\/p>\n<p>&#8211;\u00a0\u00a0\u00a0\u00a0\u00a0\u00a0 Relaci\u00f3n contractual previa: Se podr\u00e1 proceder al env\u00edo de comunicaciones comerciales relacionadas con el producto inicialmente contratados.<\/p>\n<p>&#8211;\u00a0\u00a0\u00a0\u00a0\u00a0\u00a0 Potenciales clientes: Se podr\u00e1 hacer efectivo cuando lo solicite expresamente o hayan aceptado de forma expresa.<\/p>\n<p><em>2. Medios no electr\u00f3nicos: <\/em><\/p>\n<p>&#8211;\u00a0\u00a0\u00a0\u00a0\u00a0\u00a0 Relaci\u00f3n contractual previa: Art. 6.1.f RGPD: Inter\u00e9s leg\u00edtimo.<\/p>\n<p>&#8211;\u00a0\u00a0\u00a0\u00a0\u00a0\u00a0 Potenciales clientes: Art. 6.1.a RGPD: Consentimiento del propio interesado.<\/p>\n<p>En cualquier caso, podr\u00e1 oponerse al env\u00edo en cualquier comunicaci\u00f3n.<\/p>\n<\/td>\n<\/tr>\n<\/tbody>\n<\/table>\n<p>&nbsp;<\/p>\n<h3><strong><em>\u00bfPor cu\u00e1nto tiempo conservaremos sus datos personales?<\/em><\/strong><\/h3>\n<table>\n<tbody>\n<tr>\n<td width=\"137\"><strong>INTERESADOS<\/strong><\/td>\n<td width=\"444\"><strong>CRITERIOS PLAZO DE CONSERVACI\u00d3N<\/strong><\/td>\n<\/tr>\n<tr>\n<td width=\"137\"><strong>POTENCIALES CLIENTES \/ CONTACTO<\/strong><\/td>\n<td width=\"444\">\n<p>Sus datos, ser\u00e1n conservados el tiempo m\u00ednimo necesario para la correcta prestaci\u00f3n del servicio ofrecido, as\u00ed como para atender las responsabilidades que se pudieran derivar del mismo y de cualquier otra exigencia legal.<\/p>\n<p>&nbsp;<\/p>\n<p>Por regla general, si se trata de una consulta, se conservar\u00e1n sus datos hasta la resoluci\u00f3n de su solicitud de informaci\u00f3n.<\/p>\n<\/td>\n<\/tr>\n<tr>\n<td width=\"137\"><strong>CLIENTES \/ PROVEEDORES<\/strong><\/td>\n<td width=\"444\">Sus datos, ser\u00e1n conservados el tiempo m\u00ednimo necesario para la correcta prestaci\u00f3n del servicio ofrecido, as\u00ed como para atender las responsabilidades que se pudieran derivar del mismo y de cualquier otra exigencia legal. En este sentido, se tendr\u00e1 en cuenta la normativa contractual y fiscal aplicable.<\/td>\n<\/tr>\n<tr>\n<td width=\"137\"><strong>CANDIDATOS<\/strong><\/td>\n<td width=\"444\">Sus datos permanecer\u00e1n activos en la base de datos de candidatos por un periodo de 1 a\u00f1o.<\/td>\n<\/tr>\n<tr>\n<td width=\"137\"><strong>COMUNICACIONES COMERCIALES<\/strong><\/td>\n<td width=\"444\">Hasta que manifieste su voluntad de no estar suscrito.<\/td>\n<\/tr>\n<\/tbody>\n<\/table>\n<p style=\"text-align: justify;\">Los datos que le solicitamos son adecuados, pertinentes y estrictamente necesarios y en ning\u00fan caso est\u00e1 obligado a facilit\u00e1rnoslos, pero su no comunicaci\u00f3n podr\u00e1 afectar a la finalidad del servicio o la imposibilidad de prestarlo.<\/p>\n<p>&nbsp;<\/p>\n<h3><em>\u00bfA qu\u00e9 destinatarios se comunicar\u00e1n sus datos?<\/em><em>\u00a0<\/em><\/h3>\n<p><strong>BREAD FREE, S.L.<\/strong> no comunicar\u00e1 sus datos a ning\u00fan tercero, salvo que se informe de ello expresamente.<\/p>\n<p style=\"text-align: justify;\">Adicionalmente le informamos que determinados datos, en virtud con la normativa vigente o de la relaci\u00f3n contractual que mantenga con <strong>BREAD FREE, S.L.<\/strong>, podr\u00e1n ser comunicados a:<\/p>\n<ul>\n<li>Los bancos y entidades financieras para el cobro de los servicios contratados y\/o productos comprados.<\/li>\n<li>Administraciones p\u00fablicas con competencia en los sectores de actividad de <strong>BREAD FREE, S.L.<\/strong>, cuando as\u00ed lo establezca la normativa vigente.<\/li>\n<\/ul>\n<p>&nbsp;<\/p>\n<h3><em>\u00bfCu\u00e1les son sus derechos cuando nos facilita sus datos?<\/em><\/h3>\n<p>Los derechos de protecci\u00f3n de datos de los que son titulares los interesados son:<\/p>\n<ul>\n<li>Derecho a solicitar el acceso a los datos personales relativos al interesado<\/li>\n<li>Derecho de rectificaci\u00f3n o supresi\u00f3n<\/li>\n<li>Derecho de oposici\u00f3n<\/li>\n<li>Derecho a solicitar la limitaci\u00f3n de su tratamiento<\/li>\n<li>Derecho a la portabilidad de los datos<\/li>\n<\/ul>\n<p style=\"text-align: justify;\">Los titulares de los datos personales obtenidos podr\u00e1n ejercer sus derechos de protecci\u00f3n de datos personales dirigiendo una comunicaci\u00f3n por escrito al domicilio social de BREAD FREE, S.L. o al correo electr\u00f3nico habilitado a tal efecto, <a href=\"mailto:contacto@breadfree.es\">contacto@breadfree.es<\/a>, incluyendo en ambos casos fotocopia de su DNI u otro documento de identificaci\u00f3n equivalente.<\/p>\n<p style=\"text-align: justify;\">Modelos, formularios y m\u00e1s informaci\u00f3n disponible sobre sus derechos en la p\u00e1gina web de la autoridad de control nacional, Agencia Espa\u00f1ola de Protecci\u00f3n de Datos, en adelante, AEPD, <a href=\"http:\/\/www.aepd.es\">www.aepd.es<\/a>.<\/p>\n<p>&nbsp;<\/p>\n<h3><em>\u00bfPuedo retirar el consentimiento?<\/em><\/h3>\n<p style=\"text-align: justify;\">Usted tiene la posibilidad y el derecho a retirar el consentimiento para cualquiera finalidad espec\u00edfica otorgada en su momento, sin que ello afecte a la licitud del tratamiento basado en el consentimiento previo a su retirada.<\/p>\n<p>&nbsp;<\/p>\n<h3><em>\u00bfD\u00f3nde puedo reclamar en caso de que considere que no se tratan mis datos correctamente?<\/em><\/h3>\n<p style=\"text-align: justify;\">Si alg\u00fan interesado considera que sus datos no son tratados correctamente por BREAD FREE, S.L. puede dirigir sus reclamaciones al correo <a href=\"mailto:contacto@breadfree.es\">contacto@breadfree.es<\/a> o a la autoridad de protecci\u00f3n de datos que corresponda, siendo la AEPD la indicada en el territorio nacional, <a href=\"http:\/\/www.aepd.es\">www.aepd.es<\/a>.<\/p>\n<p>&nbsp;<\/p>\n<h3><em>Seguridad y actualizaci\u00f3n de sus datos personales<\/em><\/h3>\n<p style=\"text-align: justify;\">Con el objetivo de salvaguardar la seguridad de sus datos personales, le informamos que BREAD FREE, S.L. ha adoptado todas las medidas de \u00edndole t\u00e9cnica y organizativa necesarias para garantizar la seguridad de los datos personales suministrados. Todo ello para evitar su alteraci\u00f3n, p\u00e9rdida, y\/o tratamientos o accesos no autorizados, tal como exige la normativa, si bien la seguridad absoluta no existe.<\/p>\n<p style=\"text-align: justify;\">Es importante que, para que podamos mantener sus datos personales actualizados, nos informe siempre que se produzca una modificaci\u00f3n de los mismos.<\/p>\n<p>&nbsp;<\/p>\n<h3><em>Confidencialidad<\/em><\/h3>\n<p style=\"text-align: justify;\">BREAD FREE, S.L. le informa que sus datos ser\u00e1n tratados con el m\u00e1ximo celo y confidencialidad por todo el personal que intervenga en cualquiera de las fases del tratamiento.<\/p>\n<\/div>\n<\/div>\n[\/vc_column_text][divider line_type=\u00bbNo Line\u00bb custom_height=\u00bb50&#8243;][\/vc_column][\/vc_row]\n","protected":false},"excerpt":{"rendered":"<p>[vc_row type=\u00bbin_container\u00bb full_screen_row_position=\u00bbmiddle\u00bb column_margin=\u00bbdefault\u00bb column_direction=\u00bbdefault\u00bb column_direction_tablet=\u00bbdefault\u00bb column_direction_phone=\u00bbdefault\u00bb scene_position=\u00bbcenter\u00bb text_color=\u00bbdark\u00bb text_align=\u00bbleft\u00bb row_border_radius=\u00bbnone\u00bb row_border_radius_applies=\u00bbbg\u00bb overflow=\u00bbvisible\u00bb overlay_strength=\u00bb0.3&#8243; gradient_direction=\u00bbleft_to_right\u00bb&#8230;<\/p>\n","protected":false},"author":1,"featured_media":0,"parent":0,"menu_order":0,"comment_status":"closed","ping_status":"open","template":"","meta":{"footnotes":""},"class_list":["post-3","page","type-page","status-publish"],"_links":{"self":[{"href":"https:\/\/bread-free.com\/es\/wp-json\/wp\/v2\/pages\/3","targetHints":{"allow":["GET"]}}],"collection":[{"href":"https:\/\/bread-free.com\/es\/wp-json\/wp\/v2\/pages"}],"about":[{"href":"https:\/\/bread-free.com\/es\/wp-json\/wp\/v2\/types\/page"}],"author":[{"embeddable":true,"href":"https:\/\/bread-free.com\/es\/wp-json\/wp\/v2\/users\/1"}],"replies":[{"embeddable":true,"href":"https:\/\/bread-free.com\/es\/wp-json\/wp\/v2\/comments?post=3"}],"version-history":[{"count":0,"href":"https:\/\/bread-free.com\/es\/wp-json\/wp\/v2\/pages\/3\/revisions"}],"wp:attachment":[{"href":"https:\/\/bread-free.com\/es\/wp-json\/wp\/v2\/media?parent=3"}],"curies":[{"name":"wp","href":"https:\/\/api.w.org\/{rel}","templated":true}]}}